{"id":777,"date":"2019-01-31T08:54:32","date_gmt":"2019-01-31T06:54:32","guid":{"rendered":"https:\/\/www.vaseznacenie.eu\/?page_id=777"},"modified":"2024-02-22T10:31:03","modified_gmt":"2024-02-22T08:31:03","slug":"softvare","status":"publish","type":"page","link":"https:\/\/www.vaseznacenie.eu\/?page_id=777","title":{"rendered":"Softvare"},"content":{"rendered":"\t<!-- CSS Part Start From Here-->\r\n\t<style>\t\r\n\t.pf_load_more {\r\n\t\tborder: 2px solid #B2B5BC;\r\n\t\tcolor: #B2B5BC;\r\n\t}\r\n\t.pf_load_more:hover {\r\n\t\tbackground: #B2B5BC;\r\n\t\t\r\n\t}\r\n\t.la-square-loader {\r\n\t\tcolor: #ffffff;\r\n\t}\r\n\t\r\n\t\t\t@keyframes .YouTubePopUp-Content  {\r\n\t\t  from {\r\n\t\t\ttransform: translate3d(0, 100%, 0);\r\n\t\t\tvisibility: visible;\r\n\t\t  }\r\n\r\n\t\t  to {\r\n\t\t\ttransform: translate3d(0, 0, 0);\r\n\t\t  }\r\n\t\t}\r\n\r\n\t\t.YouTubePopUp-Content  {\r\n\t\t  animation-name: .YouTubePopUp-Content ;\r\n\t\t}\r\n\r\n\t.YouTubePopUp-Close {\r\n\t\tbackground:url(https:\/\/www.vaseznacenie.eu\/wp-content\/plugins\/portfolio-filter-gallery-premium\/\/img\/close-icon-white.png) no-repeat;\r\n\t\t background-size:50px 50px;\r\n\t\t-webkit-background-size:70px 50px;\r\n\t\t-moz-background-size:70px 50px;\r\n\t\t-o-background-size:70px 50px;\r\n\t}\r\n\t\t\t\t\r\n\t\t\t\t\r\n\t\t\t\r\n\t\t\t\t\t\t\r\n\t\t\t.item_desc_765 , .item_position_765 {\r\n\t\t\t\t\t\t\t\tcolor: #FFFFFF !important;\r\n\t\t\t\t\t\t\t\t\r\n\t\t\t\t\t\t\t\topacity : 0.8 !important;\r\n\t\t\t\t\t\t\t\t\r\n\t\t\t\t\t\t\t\tfont-size :14px !important;\r\n\t\t\t\t\t\t\t \r\n\t\t\t}\r\n\t\t\t\r\n\t\t\t\r\n\t\t\t\t\t\t.simplefilter_765 li {\r\n\t\t\t\t\t\t\t\tborder: 2px solid #dd0000 !important;\r\n\t\t\t\t\t\t\t\t\t\t\t\tcolor: #000000 !important;\r\n\t\t\t\t\t\t\t}\r\n\t\t\t.simplefilter_765 li:hover {\r\n\t\t\t\t\t\t\t\tbackground-color: #dd0000 !important;\r\n\t\t\t\tcolor:#FFFFFF !important;\r\n\t\t\t\t\t\t\t\t\r\n\t\t\t}\r\n\t\t\t.sortandshuffle_765 .sort_btn_765:hover {\r\n\t\t\t\t\t\t\t\t\r\n\t\t\t}\r\n\t\t\t.sortandshuffle_765 .shuffle_btn_765:hover {\r\n\t\t\t\t\t\t\t\t\r\n\t\t\t}\r\n\t\t\t\r\n\t\t\t\t\t\t.simplefilter_765 li.active {\r\n\t\t\t\tbackground-color: #dd0000 !important;\r\n\t\t\t\tcolor:#FFFFFF !important;\r\n\t\t\t}\r\n\t\t\t\t\t\t\r\n\t\t\t.sortandshuffle_765 .sort_btn_765.active {\r\n\t\t\t\t\t\t\t\t\r\n\t\t\t}\r\n\t\t\t.sortandshuffle_765 .shuffle_btn_765.active {\r\n\t\t\t\t\t\t\t}\r\n\t\t\t\r\n\t\t\t.sortandshuffle_765 .sort_btn_765 {\r\n\t\t\t\t\t\t\t\t\t\t\t\tcolor: #000000 !important;\r\n\t\t\t\t\t\t\t}\r\n\t\t\t.sortandshuffle_765 .shuffle_btn_765 {\r\n\t\t\t\t\t\t\t\t\t\t\t\tcolor: #000000 !important;\r\n\t\t\t\t\t\t\t}\r\n\t\t\t.filtr_search_765 {\r\n\t\t\t\t\t\t\t}\r\n\t\t\t\/* thumbnail border *\/\r\n\t\t\t.thumbnail_765{\r\n\t\t\t\tborder: 2px solid #1e73be !important;\r\n\t\t\t\tpadding: 0px !important;\r\n\t\t\t}\r\n\t\t\t\r\n\t\t\t\t\t\t\t\t\r\n\t\t\t<\/style>\r\n\t\t<div class=\"row text-center\">\r\n\t\t<ul class=\"simplefilter simplefilter_765\">\r\n\t\t\t\t\t\t<li class=\"active\" data-filter=\"all\">V\u0161etky<\/li>\r\n\t\t\t\t\t\t\t\t<li value=\"10\" data-filter=\"10\">Komer\u010dn\u00fd softvare<\/li>\r\n\t\t\t\t\t\t\t\t\t\t<li value=\"11\" data-filter=\"11\">Z\u00e1kazkov\u00fd softvare<\/li>\r\n\t\t\t\t\t\t\t\t\t\t<li value=\"12\" data-filter=\"12\">Rie\u0161enia na z\u00e1kazku<\/li>\r\n\t\t\t\t\t\t\t\t\t\t<li value=\"15\" data-filter=\"15\">Grafick\u00fd n\u00e1vrh etikiet<\/li>\r\n\t\t\t\t\t\t\t\t\t\t<li value=\"16\" data-filter=\"16\">Grafick\u00fd n\u00e1vrh tla\u010dovej spr\u00e1vy<\/li>\r\n\t\t\t\t\t\t\t<\/ul>\r\n\t<\/div>\r\n\t\t\r\n\t<!-- Shuffle & Sort Controls -->\r\n\t<div class=\"row text-center\">\r\n\t\t<ul class=\"sortandshuffle sortandshuffle_765\">\r\n\t\t\t<!--Sort &amp; Shuffle controls:-->\r\n\t\t\t\t\t\t\t\t\t<li class=\"sort-btn sort_btn_765  active\" data-sortAsc=\"\" >A-z<\/li>\r\n\t\t\t\t\t\t\t\t\t<li class=\"sort-btn sort_btn_765\" data-sortDesc=\"\" >Z-a<\/li>\r\n\t\t\t\t\t\t\t\t\t<li> <input type=\"text\" class=\"filtr-search filtr_search_765\" name=\"filtr-search\" placeholder=\"H\u013eadaj\" data-search><\/li>\r\n\t\t\t\t\t<\/ul>\r\n\t<\/div>\r\n\t\r\n\t<!-- progress button -->\r\n\t<div class=\"loader_img pw-loader-wrapper\" style=\"display:none;\">\r\n\t\t<section class=\"pf_loader page page--mover\">\r\n\t\t\t<div class=\"la-square-loader\"><div><\/div><\/div>\r\n\t\t<\/section>\r\n\t<\/div>\r\n\t<!-- progress-button -->\r\n\t\r\n\t<div id=\"filter_gallery_765\" class=\"filtr-container filters-div\">\r\n\t\t\t\t\t\t\t\t\t\t<a href=\"https:\/\/www.vaseznacenie.eu\/wp-content\/uploads\/2019\/01\/LabelstarOffice.jpg\" data-lightbox=\"example-set\" data-title=\"LabelstarOffice\" title=\"LabelstarOffice\">\r\n\t\t\t\t\t\t\t\t\t<div data-category=\"10, 15\" data-sort=\"LabelstarOffice\" class=\"filtr-item filtr_item_765 single_one col-lg-3 col-md-12 col-sm-4 col-xs-6\">\r\n\t\t\t\t\t\t\t\t\t\t<img title=\"LabelstarOffice\" class=\"thumbnail pfg_loading thumbnail_765 pfg-img pfg_img_765 img-responsive hvr-box-shadow-outset\" src=\"https:\/\/www.vaseznacenie.eu\/wp-content\/uploads\/2019\/01\/LabelstarOffice-150x150.jpg\" alt=\"LabelstarOffice\">\r\n\t\t\t\t\t\t\t\t\t\t\t\t\t\t\t\t\t\t\t\t<span class=\"item-desc item_desc_765\">LabelstarOffice<\/span>\r\n\t\t\t\t\t\t\t\t\t<\/div>\r\n\t\t\t\t\t\t\t\t<\/a>\r\n\t\t\t\t\t\t\t\t\t\t\t\t\t\t<!-- If image type is video -->\r\n\t\t\t\t\t\t <!--\/video-->\r\n\t\t\t\t\t\t\t\t\t\t\t\t\t\t<a href=\"https:\/\/www.vaseznacenie.eu\/wp-content\/uploads\/2019\/01\/BarTender01.png\" data-lightbox=\"example-set\" data-title=\"BarTender SeagullScientific\" title=\"BarTender SeagullScientific\">\r\n\t\t\t\t\t\t\t\t\t<div data-category=\"10, 15\" data-sort=\"BarTender SeagullScientific\" class=\"filtr-item filtr_item_765 single_one col-lg-3 col-md-12 col-sm-4 col-xs-6\">\r\n\t\t\t\t\t\t\t\t\t\t<img title=\"BarTender SeagullScientific\" class=\"thumbnail pfg_loading thumbnail_765 pfg-img pfg_img_765 img-responsive hvr-box-shadow-outset\" src=\"https:\/\/www.vaseznacenie.eu\/wp-content\/uploads\/2019\/01\/BarTender01-150x150.png\" alt=\"BarTender SeagullScientific\">\r\n\t\t\t\t\t\t\t\t\t\t\t\t\t\t\t\t\t\t\t\t<span class=\"item-desc item_desc_765\">BarTender SeagullScientific<\/span>\r\n\t\t\t\t\t\t\t\t\t<\/div>\r\n\t\t\t\t\t\t\t\t<\/a>\r\n\t\t\t\t\t\t\t\t\t\t\t\t\t\t<!-- If image type is video -->\r\n\t\t\t\t\t\t <!--\/video-->\r\n\t\t\t\t\t\t\t\t\t\t\t\t\t\t<a href=\"https:\/\/www.vaseznacenie.eu\/wp-content\/uploads\/2019\/01\/UbsDesigner.jpg\" data-lightbox=\"example-set\" data-title=\"Ubs Designer\" title=\"Ubs Designer\">\r\n\t\t\t\t\t\t\t\t\t<div data-category=\"10, 16\" data-sort=\"Ubs Designer\" class=\"filtr-item filtr_item_765 single_one col-lg-3 col-md-12 col-sm-4 col-xs-6\">\r\n\t\t\t\t\t\t\t\t\t\t<img title=\"Ubs Designer\" class=\"thumbnail pfg_loading thumbnail_765 pfg-img pfg_img_765 img-responsive hvr-box-shadow-outset\" src=\"https:\/\/www.vaseznacenie.eu\/wp-content\/uploads\/2019\/01\/UbsDesigner-150x150.jpg\" alt=\"Ubs Designer\">\r\n\t\t\t\t\t\t\t\t\t\t\t\t\t\t\t\t\t\t\t\t<span class=\"item-desc item_desc_765\">Ubs Designer<\/span>\r\n\t\t\t\t\t\t\t\t\t<\/div>\r\n\t\t\t\t\t\t\t\t<\/a>\r\n\t\t\t\t\t\t\t\t\t\t\t\t\t\t<!-- If image type is video -->\r\n\t\t\t\t\t\t <!--\/video-->\r\n\t\t\t\t\t\t\t\t\t\t\t\t\t\t<a href=\"https:\/\/www.vaseznacenie.eu\/wp-content\/uploads\/2019\/01\/Sayasis.png\" data-lightbox=\"example-set\" data-title=\"Sayasis\" title=\"Sayasis\">\r\n\t\t\t\t\t\t\t\t\t<div data-category=\"10, 16\" data-sort=\"Sayasis\" class=\"filtr-item filtr_item_765 single_one col-lg-3 col-md-12 col-sm-4 col-xs-6\">\r\n\t\t\t\t\t\t\t\t\t\t<img title=\"Sayasis\" class=\"thumbnail pfg_loading thumbnail_765 pfg-img pfg_img_765 img-responsive hvr-box-shadow-outset\" src=\"https:\/\/www.vaseznacenie.eu\/wp-content\/uploads\/2019\/01\/Sayasis-150x150.png\" alt=\"Sayasis\">\r\n\t\t\t\t\t\t\t\t\t\t\t\t\t\t\t\t\t\t\t\t<span class=\"item-desc item_desc_765\">Sayasis<\/span>\r\n\t\t\t\t\t\t\t\t\t<\/div>\r\n\t\t\t\t\t\t\t\t<\/a>\r\n\t\t\t\t\t\t\t\t\t\t\t\t\t\t<!-- If image type is video -->\r\n\t\t\t\t\t\t <!--\/video-->\r\n\t\t\t\t\t\t\t\t\t\t\t\t\t\t<a href=\"https:\/\/www.vaseznacenie.eu\/wp-content\/uploads\/2019\/01\/CheckEan.jpg\" data-lightbox=\"example-set\" data-title=\"Kontrola EAN\" title=\"Kontrola EAN\">\r\n\t\t\t\t\t\t\t\t\t<div data-category=\"11, 12\" data-sort=\"Kontrola EAN\" class=\"filtr-item filtr_item_765 single_one col-lg-3 col-md-12 col-sm-4 col-xs-6\">\r\n\t\t\t\t\t\t\t\t\t\t<img title=\"Kontrola EAN\" class=\"thumbnail pfg_loading thumbnail_765 pfg-img pfg_img_765 img-responsive hvr-box-shadow-outset\" src=\"https:\/\/www.vaseznacenie.eu\/wp-content\/uploads\/2019\/01\/CheckEan-150x150.jpg\" alt=\"Kontrola EAN\">\r\n\t\t\t\t\t\t\t\t\t\t\t\t\t\t\t\t\t\t\t\t<span class=\"item-desc item_desc_765\">Kontrola EAN<\/span>\r\n\t\t\t\t\t\t\t\t\t<\/div>\r\n\t\t\t\t\t\t\t\t<\/a>\r\n\t\t\t\t\t\t\t\t\t\t\t\t\t\t<!-- If image type is video -->\r\n\t\t\t\t\t\t <!--\/video-->\r\n\t\t\t\t\t\t\t\t\t\t\t\t\t\t<a href=\"https:\/\/www.vaseznacenie.eu\/wp-content\/uploads\/2019\/01\/KZalkohol.png\" data-lightbox=\"example-set\" data-title=\"Evidencia pou\u017eit\u00fdch kontroln\u00fdch zn\u00e1mok\" title=\"Evidencia pou\u017eit\u00fdch kontroln\u00fdch zn\u00e1mok\">\r\n\t\t\t\t\t\t\t\t\t<div data-category=\"11, 12\" data-sort=\"Evidencia pou\u017eit\u00fdch kontroln\u00fdch zn\u00e1mok\" class=\"filtr-item filtr_item_765 single_one col-lg-3 col-md-12 col-sm-4 col-xs-6\">\r\n\t\t\t\t\t\t\t\t\t\t<img title=\"Evidencia pou\u017eit\u00fdch kontroln\u00fdch zn\u00e1mok\" class=\"thumbnail pfg_loading thumbnail_765 pfg-img pfg_img_765 img-responsive hvr-box-shadow-outset\" src=\"https:\/\/www.vaseznacenie.eu\/wp-content\/uploads\/2019\/01\/KZalkohol-150x121.png\" alt=\"Evidencia pou\u017eit\u00fdch kontroln\u00fdch zn\u00e1mok\">\r\n\t\t\t\t\t\t\t\t\t\t\t\t\t\t\t\t\t\t\t\t<span class=\"item-desc item_desc_765\">Evidencia pou\u017eit\u00fdch kontroln\u00fdch zn\u00e1mok<\/span>\r\n\t\t\t\t\t\t\t\t\t<\/div>\r\n\t\t\t\t\t\t\t\t<\/a>\r\n\t\t\t\t\t\t\t\t\t\t\t\t\t\t<!-- If image type is video -->\r\n\t\t\t\t\t\t <!--\/video-->\r\n\t\t\t\t\t\t\t\t\t\t\t\t\t\t<a href=\"https:\/\/www.vaseznacenie.eu\/wp-content\/uploads\/2019\/01\/ObalkaA6.jpg\" data-lightbox=\"example-set\" data-title=\"Potla\u010d ob\u00e1lok \u2013 komplet\" title=\"Potla\u010d ob\u00e1lok \u2013 komplet\">\r\n\t\t\t\t\t\t\t\t\t<div data-category=\"11, 12\" data-sort=\"Potla\u010d ob\u00e1lok \u2013 komplet\" class=\"filtr-item filtr_item_765 single_one col-lg-3 col-md-12 col-sm-4 col-xs-6\">\r\n\t\t\t\t\t\t\t\t\t\t<img title=\"Potla\u010d ob\u00e1lok \u2013 komplet\" class=\"thumbnail pfg_loading thumbnail_765 pfg-img pfg_img_765 img-responsive hvr-box-shadow-outset\" src=\"https:\/\/www.vaseznacenie.eu\/wp-content\/uploads\/2019\/01\/ObalkaA6-150x150.jpg\" alt=\"Potla\u010d ob\u00e1lok \u2013 komplet\">\r\n\t\t\t\t\t\t\t\t\t\t\t\t\t\t\t\t\t\t\t\t<span class=\"item-desc item_desc_765\">Potla\u010d ob\u00e1lok \u2013 komplet<\/span>\r\n\t\t\t\t\t\t\t\t\t<\/div>\r\n\t\t\t\t\t\t\t\t<\/a>\r\n\t\t\t\t\t\t\t\t\t\t\t\t\t\t<!-- If image type is video -->\r\n\t\t\t\t\t\t <!--\/video-->\r\n\t\t\t\t\t\t\t\t\t\t\t\t\t\t<a href=\"https:\/\/www.vaseznacenie.eu\/wp-content\/uploads\/2019\/01\/cokoarasidy.jpg\" data-lightbox=\"example-set\" data-title=\"Evidencia spotreby surov\u00edn\" title=\"Evidencia spotreby surov\u00edn\">\r\n\t\t\t\t\t\t\t\t\t<div data-category=\"11, 12\" data-sort=\"Evidencia spotreby surov\u00edn\" class=\"filtr-item filtr_item_765 single_one col-lg-3 col-md-12 col-sm-4 col-xs-6\">\r\n\t\t\t\t\t\t\t\t\t\t<img title=\"Evidencia spotreby surov\u00edn\" class=\"thumbnail pfg_loading thumbnail_765 pfg-img pfg_img_765 img-responsive hvr-box-shadow-outset\" src=\"https:\/\/www.vaseznacenie.eu\/wp-content\/uploads\/2019\/01\/cokoarasidy-150x150.jpg\" alt=\"Evidencia spotreby surov\u00edn\">\r\n\t\t\t\t\t\t\t\t\t\t\t\t\t\t\t\t\t\t\t\t<span class=\"item-desc item_desc_765\">Evidencia spotreby surov\u00edn<\/span>\r\n\t\t\t\t\t\t\t\t\t<\/div>\r\n\t\t\t\t\t\t\t\t<\/a>\r\n\t\t\t\t\t\t\t\t\t\t\t\t\t\t<!-- If image type is video -->\r\n\t\t\t\t\t\t <!--\/video-->\r\n\t\t\t\t\t\t\t\t\t\t\t\t\t\t<a href=\"https:\/\/www.vaseznacenie.eu\/wp-content\/uploads\/2019\/01\/softvare_it-1.jpg\" data-lightbox=\"example-set\" data-title=\"Jedno\u00fa\u010delov\u00e9 rie\u0161enie\" title=\"Jedno\u00fa\u010delov\u00e9 rie\u0161enie\">\r\n\t\t\t\t\t\t\t\t\t<div data-category=\"11\" data-sort=\"Jedno\u00fa\u010delov\u00e9 rie\u0161enie\" class=\"filtr-item filtr_item_765 single_one col-lg-3 col-md-12 col-sm-4 col-xs-6\">\r\n\t\t\t\t\t\t\t\t\t\t<img title=\"Jedno\u00fa\u010delov\u00e9 rie\u0161enie\" class=\"thumbnail pfg_loading thumbnail_765 pfg-img pfg_img_765 img-responsive hvr-box-shadow-outset\" src=\"https:\/\/www.vaseznacenie.eu\/wp-content\/uploads\/2019\/01\/softvare_it-1-150x150.jpg\" alt=\"Jedno\u00fa\u010delov\u00e9 rie\u0161enie\">\r\n\t\t\t\t\t\t\t\t\t\t\t\t\t\t\t\t\t\t\t\t<span class=\"item-desc item_desc_765\">Jedno\u00fa\u010delov\u00e9 rie\u0161enie<\/span>\r\n\t\t\t\t\t\t\t\t\t<\/div>\r\n\t\t\t\t\t\t\t\t<\/a>\r\n\t\t\t\t\t\t\t\t\t\t\t\t\t\t<!-- If image type is video -->\r\n\t\t\t\t\t\t <!--\/video-->\r\n\t\t\t\t\t\t\t<\/div>\r\n\t<script>\r\njQuery(\".loader_img\").show();\r\njQuery(\".filtr-container\").css(\"opacity\", 0);\r\njQuery( window ).load(function() {\r\n\t\/\/ Animate loader off screen\r\n\tjQuery(\".loader_img\").hide();\r\n\tjQuery(\".lg_load_more\").show();\r\n\tjQuery(\".filtr-container\").css(\"opacity\", 1);\r\n\t\/\/Filterizd Default options\r\n\toptions = {\r\n\t\tanimationDuration: 0.5,\r\n\t\tcallbacks: {\r\n\t\t\tonFilteringStart: function() { },\r\n\t\t\tonFilteringEnd: function() { },\r\n\t\t\tonShufflingStart: function() { },\r\n\t\t\tonShufflingEnd: function() { },\r\n\t\t\tonSortingStart: function() { },\r\n\t\t\tonSortingEnd: function() { }\r\n\t\t},\r\n\t\t\t\t\tdelay: 50,\r\n\t\t\tdelayMode: 'progressive',\r\n\t\t\teasing: 'ease-out',\r\n\t\t\t\tfilter: 'all',\r\n\t\tfilterOutCss: {\r\n\t\t\topacity: 0,\r\n\t\t\tvisibility: 'hidden',\r\n\t\t\ttransform: \"scale(0.5)\"\r\n\t\t\t\r\n\t\t},\r\n\t\tfilterInCss: {\r\n\t\t\topacity: 1,\r\n\t\t\tvisibility: 'visible',\r\n\t\t\ttransform: \"scale(1)\"\r\n\t\t\t\r\n\t\t},\r\n\t\tlayout: 'sameWidth',\r\n\t\tselector: '#filter_gallery_765',\r\n\t\tsetupControls: true\r\n\t}\r\n\tvar filterizd = jQuery('#filter_gallery_765').filterizr(options);\r\n\t \r\n\t\/\/ delegate calls to data-toggle=\"lightbox\"\r\n\tjQuery(document).delegate('*[data-toggle=\"lightbox\"]:not([data-gallery=\"navigateTo\"])', 'click', function(event) {\r\n\t\tevent.preventDefault();\r\n\t\treturn jQuery(this).ekkoLightbox({\r\n\t\t\tonShown: function() {\r\n\t\t\t\t\/* if (window.console) {\r\n\t\t\t\t\treturn console.log('Checking our the events huh?');\r\n\t\t\t\t} *\/\r\n\t\t\t},\r\n\t\t\tonNavigate: function(direction, itemIndex) {\r\n\t\t\t\tif (window.console) {\r\n\t\t\t\t\treturn console.log('Navigating '+direction+'. Current item: '+itemIndex);\r\n\t\t\t\t}\r\n\t\t\t}\r\n\t\t});\r\n\t});\r\n\r\n\t\/\/Programatically call\r\n\tjQuery('#open-image').click(function (e) {\r\n\t\te.preventDefault();\r\n\t\tjQuery(this).ekkoLightbox();\r\n\t});\r\n\tjQuery('#open-youtube').click(function (e) {\r\n\t\te.preventDefault();\r\n\t\tjQuery(this).ekkoLightbox();\r\n\t});\r\n\r\n\t\/\/ navigateTo\r\n\tjQuery(document).delegate('*[data-gallery=\"navigateTo\"]', 'click', function(event) {\r\n\t\tevent.preventDefault();\r\n\r\n\t\tvar lb;\r\n\t\treturn jQuery(this).ekkoLightbox({\r\n\t\t\tonShown: function() {\r\n\t\t\t\tlb = this;\r\n\t\t\t\tjQuery(lb.modal_content).on('click', '.modal-footer a', function(e) {\r\n\t\t\t\t\te.preventDefault();\r\n\t\t\t\t\tlb.navigateTo(2);\r\n\t\t\t\t});\r\n\t\t\t}\r\n\t\t});\r\n\t});\r\n\t\r\n\t\/\/ video player\r\n\tjQuery(function(){\r\n      jQuery(\"a.bla-1\").YouTubePopUp();\r\n      jQuery(\"a.bla-2\").YouTubePopUp( { autoplay: 0 } ); \/\/ autoplay\r\n\t});\r\n});\r\n \r\n<\/script>\n\n\n\n<p>Podpora: <a href=\"https:\/\/www.vaseznacenie.eu\/RDP\/AnyDesk_portable.exe\">RemoteDesktop<\/a> &#8211; vzdialen\u00e1 spr\u00e1va (servis AnyDesktop)<\/p>\n\n\n\n<p id=\"block-105bd160-fdef-49d7-acc3-66eaaff49fa6\">Podpora: <a href=\"https:\/\/www.vaseznacenie.eu\/RDP\/AA_v3.exe\">RemoteDesktop<\/a> &#8211; vzdialen\u00e1 spr\u00e1va (servis AmmyAdmin)<\/p>\n","protected":false},"excerpt":{"rendered":"<p>Podpora: RemoteDesktop &#8211; vzdialen\u00e1 spr\u00e1va (servis AnyDesktop) Podpora: RemoteDesktop &#8211; vzdialen\u00e1 spr\u00e1va (servis AmmyAdmin)<\/p>\n","protected":false},"author":1,"featured_media":0,"parent":0,"menu_order":5,"comment_status":"closed","ping_status":"closed","template":"","meta":[],"_links":{"self":[{"href":"https:\/\/www.vaseznacenie.eu\/index.php?rest_route=\/wp\/v2\/pages\/777"}],"collection":[{"href":"https:\/\/www.vaseznacenie.eu\/index.php?rest_route=\/wp\/v2\/pages"}],"about":[{"href":"https:\/\/www.vaseznacenie.eu\/index.php?rest_route=\/wp\/v2\/types\/page"}],"author":[{"embeddable":true,"href":"https:\/\/www.vaseznacenie.eu\/index.php?rest_route=\/wp\/v2\/users\/1"}],"replies":[{"embeddable":true,"href":"https:\/\/www.vaseznacenie.eu\/index.php?rest_route=%2Fwp%2Fv2%2Fcomments&post=777"}],"version-history":[{"count":12,"href":"https:\/\/www.vaseznacenie.eu\/index.php?rest_route=\/wp\/v2\/pages\/777\/revisions"}],"predecessor-version":[{"id":992,"href":"https:\/\/www.vaseznacenie.eu\/index.php?rest_route=\/wp\/v2\/pages\/777\/revisions\/992"}],"wp:attachment":[{"href":"https:\/\/www.vaseznacenie.eu\/index.php?rest_route=%2Fwp%2Fv2%2Fmedia&parent=777"}],"curies":[{"name":"wp","href":"https:\/\/api.w.org\/{rel}","templated":true}]}}