{"id":524,"date":"2019-01-31T10:18:28","date_gmt":"2019-01-31T08:18:28","guid":{"rendered":"https:\/\/www.vaseznacenie.eu\/?page_id=524"},"modified":"2019-02-04T00:33:35","modified_gmt":"2019-02-03T22:33:35","slug":"o-nas","status":"publish","type":"page","link":"https:\/\/www.vaseznacenie.eu\/","title":{"rendered":"O n\u00e1s"},"content":{"rendered":"\n<p>Na\u0161a spolo\u010dnos\u0165 DUMAKOL s.r.o. sa zaober\u00e1 odborn\u00fdm poradenstvom v oblasti priemyseln\u00e9ho ozna\u010dovania produktov, verifik\u00e1ciou 1D a 2D k\u00f3dov, n\u00e1sledn\u00fdm vyhodnoten\u00edm a odoslan\u00edm po\u017eadovan\u00fdch inform\u00e1ci\u00ed do informa\u010dn\u00fdch syst\u00e9mov.<\/p>\n\n\n\n<p>Zist\u00edme Va\u0161e potreby, navrhneme a odporu\u010d\u00edme technol\u00f3giu, dod\u00e1vate\u013esky zabezpe\u010d\u00edme in\u0161tal\u00e1ciu a n\u00e1sledn\u00fd servis komplexn\u00e9ho rie\u0161enia.<\/p>\n\n\n\n<p>Pri v\u0161etk\u00fdch nami dod\u00e1van\u00fdch technick\u00fdch rie\u0161eniach zabezpe\u010dujeme <strong>in\u0161tal\u00e1ciu,<\/strong> za\u0161kolenie obsluhy, profesion\u00e1lny z\u00e1ru\u010dn\u00fd a poz\u00e1ru\u010dn\u00fd servis a metodick\u00fa podporu.<\/p>\n\n\n\n<p>Z\u00e1rove\u0148 zabezpe\u010dujeme dodanie origin\u00e1lneho spotrebn\u00e9ho materi\u00e1lu: atrament, riedidlo, etikety, TTR p\u00e1sky, TTR hlavi\u010dky&#8230;<\/p>\n\n\n\n<figure class=\"wp-block-image\"><img loading=\"lazy\" width=\"500\" height=\"500\" src=\"https:\/\/www.vaseznacenie.eu\/wp-content\/uploads\/2019\/01\/citronix_inkjet_printer_500x500-1.jpg\" alt=\"\" class=\"wp-image-824\" srcset=\"https:\/\/www.vaseznacenie.eu\/wp-content\/uploads\/2019\/01\/citronix_inkjet_printer_500x500-1.jpg 500w, https:\/\/www.vaseznacenie.eu\/wp-content\/uploads\/2019\/01\/citronix_inkjet_printer_500x500-1-150x150.jpg 150w, https:\/\/www.vaseznacenie.eu\/wp-content\/uploads\/2019\/01\/citronix_inkjet_printer_500x500-1-300x300.jpg 300w\" sizes=\"(max-width: 500px) 100vw, 500px\" \/><\/figure>\n","protected":false},"excerpt":{"rendered":"<p>Na\u0161a spolo\u010dnos\u0165 DUMAKOL s.r.o. sa zaober\u00e1 odborn\u00fdm poradenstvom v oblasti priemyseln\u00e9ho ozna\u010dovania produktov, verifik\u00e1ciou 1D a 2D k\u00f3dov, n\u00e1sledn\u00fdm vyhodnoten\u00edm a odoslan\u00edm po\u017eadovan\u00fdch inform\u00e1ci\u00ed do informa\u010dn\u00fdch syst\u00e9mov. Zist\u00edme Va\u0161e potreby, navrhneme a odporu\u010d\u00edme technol\u00f3giu, dod\u00e1vate\u013esky zabezpe\u010d\u00edme in\u0161tal\u00e1ciu a n\u00e1sledn\u00fd servis komplexn\u00e9ho rie\u0161enia. Pri v\u0161etk\u00fdch nami dod\u00e1van\u00fdch technick\u00fdch rie\u0161eniach zabezpe\u010dujeme in\u0161tal\u00e1ciu, za\u0161kolenie obsluhy, profesion\u00e1lny z\u00e1ru\u010dn\u00fd a [&hellip;]<\/p>\n","protected":false},"author":1,"featured_media":0,"parent":0,"menu_order":1,"comment_status":"closed","ping_status":"closed","template":"","meta":[],"_links":{"self":[{"href":"https:\/\/www.vaseznacenie.eu\/index.php?rest_route=\/wp\/v2\/pages\/524"}],"collection":[{"href":"https:\/\/www.vaseznacenie.eu\/index.php?rest_route=\/wp\/v2\/pages"}],"about":[{"href":"https:\/\/www.vaseznacenie.eu\/index.php?rest_route=\/wp\/v2\/types\/page"}],"author":[{"embeddable":true,"href":"https:\/\/www.vaseznacenie.eu\/index.php?rest_route=\/wp\/v2\/users\/1"}],"replies":[{"embeddable":true,"href":"https:\/\/www.vaseznacenie.eu\/index.php?rest_route=%2Fwp%2Fv2%2Fcomments&post=524"}],"version-history":[{"count":7,"href":"https:\/\/www.vaseznacenie.eu\/index.php?rest_route=\/wp\/v2\/pages\/524\/revisions"}],"predecessor-version":[{"id":879,"href":"https:\/\/www.vaseznacenie.eu\/index.php?rest_route=\/wp\/v2\/pages\/524\/revisions\/879"}],"wp:attachment":[{"href":"https:\/\/www.vaseznacenie.eu\/index.php?rest_route=%2Fwp%2Fv2%2Fmedia&parent=524"}],"curies":[{"name":"wp","href":"https:\/\/api.w.org\/{rel}","templated":true}]}}